{"id":99,"date":"2016-03-04T10:11:49","date_gmt":"2016-03-04T10:11:49","guid":{"rendered":"http:\/\/www.annemangeon.com\/portrait-famille\/?page_id=99"},"modified":"2016-03-10T14:42:20","modified_gmt":"2016-03-10T14:42:20","slug":"questions-frequentes","status":"publish","type":"page","link":"http:\/\/www.annemangeon.com\/portrait-famille\/questions-frequentes\/","title":{"rendered":"QUESTIONS FREQUENTES"},"content":{"rendered":"<h2 style=\"text-align: center;\">QUESTIONS FR\u00c9QUENTES<\/h2>\n<p>&nbsp;<\/p>\n<p>Vous avez des questions ? J&rsquo;ai les r\u00e9ponses !<\/p>\n<p>&nbsp;<\/p>\n<p><b># Ou \u00eates-vous install\u00e9e?\u00a0<\/b><br \/>\nJe suis install\u00e9e en Lorraine \u00e0 Bayon, pr\u00e8s de Nancy. Je me d\u00e9place avec grand plaisir l\u00e0 o\u00f9 les beaux projets me m\u00e8nent. Les s\u00e9ances Famille\/Portrait\/Grossesse\/Nouveau-n\u00e9 ont g\u00e9n\u00e9ralement lieu dans la r\u00e9gion, mais pour les mariages je couvre la France enti\u00e8re et les pays limitrophes.<\/p>\n<p><b># Avez-vous un studio?<\/b><br \/>\nNon, je ne poss\u00e8de pas de studio.\u00a0Je\u00a0pr\u00e9f\u00e8re\u00a0privil\u00e9gier les photos croqu\u00e9es sur le vif et naturelles dans des d\u00e9cors en\u00a0ext\u00e9rieurs\u00a0ou \u00e0 votre domicile. La diversit\u00e9s des\u00a0cadres, lumi\u00e8res\u00a0et\u00a0saisons\u00a0permettent de varier les ambiances \u00e0\u00a0l&rsquo;infini\u00a0au gr\u00e8s de vos envies ou de vos attentes.<\/p>\n<p><b># Nous souhaitons r\u00e9aliser une s\u00e9ance Famille. Comment cela se passe-t&rsquo;il?<\/b><br \/>\nPendant ce shooting, pas de pose ou de cadre strict, mais des jeux, des rires et de la bonne humeur, ce qui au final\u00a0correspond\u00a0aussi bien aux petits qu&rsquo;aux grands.\u00a0Au-del\u00e0 des photos, je souhaite faire vivre une exp\u00e9rience diff\u00e9rente, un moment en famille unique pour profiter pleinement du bonheur d&rsquo;\u00eatre ensemble<b>.<\/b> Vos souvenirs seront \u00e0 votre image, authentiques, vivants et remplis d&rsquo;\u00e9motions !<\/p>\n<p><b># Je suis enceinte et souhaite r\u00e9aliser de jolies photos de ma grossesse. Comment cela se passe-t&rsquo;il?<\/b><br \/>\nJe vous invite \u00e0 me contacter d\u00e8s le d\u00e9but du second\u00a0trimestre\u00a0pour que nous programmions ensemble votre s\u00e9ance. Celle-ci se\u00a0d\u00e9roulera\u00a0entre le 7\u00e8me et le 8\u00e8me mois en fonction de\u00a0votre mobilit\u00e9, de votre \u00e9tat de sant\u00e9 et de la composition de votre famille.\u00a0Nous d\u00e9terminerons le lieu en fonction de vos go\u00fbts ; cela peut-\u00eatre votre domicile, dans un coin de nature ou dans un\u00a0univers\u00a0plus urbain. Cette s\u00e9ance doit vous ressembler!<\/p>\n<p><b># Je suis enceinte et souhaite r\u00e9aliser de jolies photos de mon b\u00e9b\u00e9 \u00e0 sa naissance. Comment cela se passe-t&rsquo;il?<\/b><br \/>\nL\u00e0 encore je vous conseille de me contacter au plus t\u00f4t afin que nous\u00a0organisions cette\u00a0s\u00e9ance. Il est\u00a0n\u00e9cessaire\u00a0de r\u00e9aliser les photos dans les premiers jours de vie de votre b\u00e9b\u00e9. Il est alors plus calme, dort encore beaucoup et cela nous permet de r\u00e9aliser de jolis clich\u00e9s sans trop le d\u00e9ranger. Comme vous avez pu le\u00a0remarquer, je r\u00e9alise des images de type photo-reportage qui privil\u00e9gie le naturel. Pas d&rsquo;accessoires ou de pauses trop travaill\u00e9es \u00e0 la \u00ab\u00a0Anne Geddes\u00a0\u00bb, je pr\u00e9f\u00e8re mettre en\u00a0lumi\u00e8re\u00a0votre b\u00e9b\u00e9 en tant que petit-\u00eatre \u00e0 part enti\u00e8re\u00a0ainsi\u00a0que les connexions et \u00e9motions entre tous les membres de la famille.<\/p>\n<p><b># J&rsquo;ai\u00a0vraiment\u00a0tr\u00e8s envie d&rsquo;une s\u00e9ance Portrait\u00a0mais j&rsquo;ai peur de ne pas \u00eatre \u00e0 l&rsquo;aise.\u00a0<\/b><br \/>\nM\u00eame si l&rsquo;on r\u00eave de magnifiques clich\u00e9s, il n&rsquo;est pas toujours simple de sauter le pas. Mais il serait vraiment dommage de laisser ces\u00a0appr\u00e9hensions\u00a0vous priver d&rsquo;une\u00a0exp\u00e9rience\u00a0aussi riche!<br \/>\nLa s\u00e9ance Portrait\u00a0c&rsquo;est la s\u00e9ance\u00a0pour\u00a0se faire du bien par excellence, pour prendre confiance en soi et poser enfin un regard bienveillant sur son image. Je comprends tout \u00e0 fait que cela soit celle qui\u00a0impressionne\u00a0le plus, pas d&rsquo;enfant ou de conjoint \u00e0 qui \u00ab\u00a0se raccrocher\u00a0\u00bb, mais je\u00a0serai l\u00e0 pour vous\u00a0accompagner\u00a0et je connais tout un\u00a0tas de petits trucs pour vous mettre \u00e0 l&rsquo;aise, faites moi confiance. Ceux qui ont saut\u00e9 le pas ne le\u00a0regrettent\u00a0pas et je suis certaine que vous ferez bient\u00f4t partie de ceux-l\u00e0 !<\/p>\n<p><b># Quelle est la dur\u00e9e d&rsquo;une s\u00e9ance?<\/b><br \/>\nUne s\u00e9ance Famille, Grossesse ou Portrait\u00a0dure environ 1 heure. Une s\u00e9ance Nouveau-N\u00e9 n\u00e9cessite en revanche plus de temps, entre 2h et\u00a02h30. Je me calque sur le rythme de b\u00e9b\u00e9. T\u00e9t\u00e9es, biberons, siestes, changes\u2026\u00a0c&rsquo;est lui le chef d&rsquo;orchestre de la s\u00e9ance.<\/p>\n<p><b># Quel est le tarif d&rsquo;une s\u00e9ance?<\/b><br \/>\nLes s\u00e9ances commencent \u00e0 partir de 280\u20ac. Je vous invite \u00e0 me contacter via <a href=\"http:\/\/www.annemangeon.com\/portrait-famille\/contact\/\" target=\"_blank\">ce formulaire<\/a> en me pr\u00e9sentant votre projet. Je vous enverrai en retour une pr\u00e9sentation de ma fa\u00e7on de travailler et un devis correspondant \u00e0 votre demande.<\/p>\n<p><b># Combien de photos livrez-vous et sous quelle forme?<\/b><br \/>\nLe nombre de photos livr\u00e9es d\u00e9pendra de la formule choisie. Je s\u00e9lectionnerai soigneusement les plus belles images et celles-ci seront sublim\u00e9es num\u00e9riquement avant de vous \u00eatre pr\u00e9sent\u00e9es dans une galerie priv\u00e9e en ligne pour effectuer votre choix. Votre s\u00e9lection sera ensuite livr\u00e9e sur une jolie cl\u00e9 usb bois pr\u00e9sent\u00e9e dans son coffret.<\/p>\n<p><b># Proposez-vous des tirages ou des cadres?\u00a0<\/b><br \/>\nIl me parait essentiel de proposer des produits qui vous permettent de mettre en valeur vos plus belles photos. Je vous propose donc une gamme de tirages,\u00a0albums et tableaux de\u00a0qualit\u00e9\u00a0professionnelle\u00a0qui\u00a0sublimeront\u00a0vos fichiers num\u00e9riques et vous permettront de profiter de ces instants de bonheur au\u00a0quotidien au\u00a0c\u0153ur de votre maison.<\/p>\n<pre>\u00a0\r\n\r\n<\/pre>\n<p style=\"text-align: center;\">Votre question n&rsquo;est pas dans cette liste ? <a href=\"http:\/\/www.annemangeon.com\/portrait-famille\/contact\/\">Contactez-moi<\/a> et j&rsquo;y r\u00e9pondrai avec plaisir!<\/p>\n","protected":false},"excerpt":{"rendered":"<p>QUESTIONS FR\u00c9QUENTES &nbsp; Vous avez des questions ? J&rsquo;ai les r\u00e9ponses ! &nbsp; # Ou \u00eates-vous install\u00e9e?\u00a0 Je suis install\u00e9e en Lorraine \u00e0 Bayon, pr\u00e8s de Nancy. Je me d\u00e9place avec grand plaisir l\u00e0 o\u00f9 les beaux projets me m\u00e8nent. Les s\u00e9ances Famille\/Portrait\/Grossesse\/Nouveau-n\u00e9 ont g\u00e9n\u00e9ralement lieu dans la r\u00e9gion, mais pour les mariages je couvre &#8230;<\/p>\n","protected":false},"author":1,"featured_media":0,"parent":0,"menu_order":0,"comment_status":"closed","ping_status":"closed","template":"","meta":[],"_links":{"self":[{"href":"http:\/\/www.annemangeon.com\/portrait-famille\/wp-json\/wp\/v2\/pages\/99"}],"collection":[{"href":"http:\/\/www.annemangeon.com\/portrait-famille\/wp-json\/wp\/v2\/pages"}],"about":[{"href":"http:\/\/www.annemangeon.com\/portrait-famille\/wp-json\/wp\/v2\/types\/page"}],"author":[{"embeddable":true,"href":"http:\/\/www.annemangeon.com\/portrait-famille\/wp-json\/wp\/v2\/users\/1"}],"replies":[{"embeddable":true,"href":"http:\/\/www.annemangeon.com\/portrait-famille\/wp-json\/wp\/v2\/comments?post=99"}],"version-history":[{"count":10,"href":"http:\/\/www.annemangeon.com\/portrait-famille\/wp-json\/wp\/v2\/pages\/99\/revisions"}],"predecessor-version":[{"id":408,"href":"http:\/\/www.annemangeon.com\/portrait-famille\/wp-json\/wp\/v2\/pages\/99\/revisions\/408"}],"wp:attachment":[{"href":"http:\/\/www.annemangeon.com\/portrait-famille\/wp-json\/wp\/v2\/media?parent=99"}],"curies":[{"name":"wp","href":"https:\/\/api.w.org\/{rel}","templated":true}]}}