{"id":8,"date":"2014-12-27T17:16:37","date_gmt":"2014-12-27T17:16:37","guid":{"rendered":"http:\/\/www.annemangeon.com\/portrait-famille\/?page_id=8"},"modified":"2016-03-09T19:48:44","modified_gmt":"2016-03-09T19:48:44","slug":"reportages","status":"publish","type":"page","link":"http:\/\/www.annemangeon.com\/portrait-famille\/reportages\/","title":{"rendered":"REPORTAGES"},"content":{"rendered":"<div id=\"blog_786\"><div class=\"one_third\"><article id=\"post-186\" class=\"hentry entry entry_full\"><div class=\"image_styled entry_image\" style=\"width:294px\"><div class=\"image_frame effect-none\" ><div class=\"image_shadow_wrap\"><a class=\"image_icon_doc\" href=\"http:\/\/www.annemangeon.com\/portrait-famille\/agathe-edouard-josephine\/\" title=\"\"><img width=\"292\" height=\"292\" data-thumbnail=\"219\" src=\"http:\/\/www.annemangeon.com\/portrait-famille\/wp-content\/uploads\/sites\/3\/strikingr\/images\/219_Photographe-se\u0301ance-famille-Nancy-Lorraine-originale-\u00a9-Anne-Mangeon-Photographe_12-292x292.jpg\" alt=\"AGATHE, \u00c9DOUARD &#038; JOS\u00c9PHINE  S\u00e9ance Famille au coeur de Nancy \" \/><\/a><\/div><\/div><\/div><div class=\"entry_info\"><h2 class=\"entry_title entry-title\"><a href=\"http:\/\/www.annemangeon.com\/portrait-famille\/agathe-edouard-josephine\/\" rel=\"bookmark\" title=\"Lien permanent pour AGATHE, \u00c9DOUARD &#038; JOS\u00c9PHINE <br><h5> S\u00e9ance Famille au coeur de Nancy <\/h5><\/br>\">AGATHE, \u00c9DOUARD &#038; JOS\u00c9PHINE <br><h5> S\u00e9ance Famille au coeur de Nancy <\/h5><\/br><\/a><\/h2><\/div><\/article><article id=\"post-184\" class=\"hentry entry entry_full\"><div class=\"image_styled entry_image\" style=\"width:294px\"><div class=\"image_frame effect-none\" ><div class=\"image_shadow_wrap\"><a class=\"image_icon_doc\" href=\"http:\/\/www.annemangeon.com\/portrait-famille\/anatole\/\" title=\"\"><img width=\"292\" height=\"292\" data-thumbnail=\"213\" src=\"http:\/\/www.annemangeon.com\/portrait-famille\/wp-content\/uploads\/sites\/3\/strikingr\/images\/213_Photographe-se\u0301ance-famille-Nancy-Lorraine-originale-\u00a9-Anne-Mangeon-Photographe_06-292x292.jpg\" alt=\"ANATOLE  S\u00e9ance Nouveau-N\u00e9 \u00e0 domicile \u00e0 Metz \" \/><\/a><\/div><\/div><\/div><div class=\"entry_info\"><h2 class=\"entry_title entry-title\"><a href=\"http:\/\/www.annemangeon.com\/portrait-famille\/anatole\/\" rel=\"bookmark\" title=\"Lien permanent pour ANATOLE <br><h5> S\u00e9ance Nouveau-N\u00e9 \u00e0 domicile \u00e0 Metz <\/h5><\/br>\">ANATOLE <br><h5> S\u00e9ance Nouveau-N\u00e9 \u00e0 domicile \u00e0 Metz <\/h5><\/br><\/a><\/h2><\/div><\/article><article id=\"post-188\" class=\"hentry entry entry_full\"><div class=\"image_styled entry_image\" style=\"width:294px\"><div class=\"image_frame effect-none\" ><div class=\"image_shadow_wrap\"><a class=\"image_icon_doc\" href=\"http:\/\/www.annemangeon.com\/portrait-famille\/mary-emi-simon-basile\/\" title=\"\"><img width=\"292\" height=\"292\" data-thumbnail=\"211\" src=\"http:\/\/www.annemangeon.com\/portrait-famille\/wp-content\/uploads\/sites\/3\/strikingr\/images\/211_Photographe-se\u0301ance-famille-Nancy-Lorraine-originale-\u00a9-Anne-Mangeon-Photographe_04-292x292.jpg\" alt=\"MARY-\u00c9MI, SIMON &#038; BASILE  S\u00e9ance Famille \u00e0 la campagne pr\u00e8s d&rsquo;Harou\u00e9 \" \/><\/a><\/div><\/div><\/div><div class=\"entry_info\"><h2 class=\"entry_title entry-title\"><a href=\"http:\/\/www.annemangeon.com\/portrait-famille\/mary-emi-simon-basile\/\" rel=\"bookmark\" title=\"Lien permanent pour MARY-\u00c9MI, SIMON &#038; BASILE <br><h5> S\u00e9ance Famille \u00e0 la campagne pr\u00e8s d&rsquo;Harou\u00e9 <\/h5><\/br>\">MARY-\u00c9MI, SIMON &#038; BASILE <br><h5> S\u00e9ance Famille \u00e0 la campagne pr\u00e8s d&rsquo;Harou\u00e9 <\/h5><\/br><\/a><\/h2><\/div><\/article><\/div><div class=\"one_third\"><article id=\"post-180\" class=\"hentry entry entry_full\"><div class=\"image_styled entry_image\" style=\"width:294px\"><div class=\"image_frame effect-none\" ><div class=\"image_shadow_wrap\"><a class=\"image_icon_doc\" href=\"http:\/\/www.annemangeon.com\/portrait-famille\/audrey\/\" title=\"\"><img width=\"292\" height=\"292\" data-thumbnail=\"216\" src=\"http:\/\/www.annemangeon.com\/portrait-famille\/wp-content\/uploads\/sites\/3\/strikingr\/images\/216_Photographe-se\u0301ance-famille-Nancy-Lorraine-originale-\u00a9-Anne-Mangeon-Photographe_09-292x292.jpg\" alt=\"AUDREY  S\u00e9ance Grossesse en pleine nature \" \/><\/a><\/div><\/div><\/div><div class=\"entry_info\"><h2 class=\"entry_title entry-title\"><a href=\"http:\/\/www.annemangeon.com\/portrait-famille\/audrey\/\" rel=\"bookmark\" title=\"Lien permanent pour AUDREY <br><h5> S\u00e9ance Grossesse en pleine nature <\/h5><\/br>\">AUDREY <br><h5> S\u00e9ance Grossesse en pleine nature <\/h5><\/br><\/a><\/h2><\/div><\/article><article id=\"post-182\" class=\"hentry entry entry_full\"><div class=\"image_styled entry_image\" style=\"width:294px\"><div class=\"image_frame effect-none\" ><div class=\"image_shadow_wrap\"><a class=\"image_icon_doc\" href=\"http:\/\/www.annemangeon.com\/portrait-famille\/madeleine\/\" title=\"\"><img width=\"292\" height=\"292\" data-thumbnail=\"214\" src=\"http:\/\/www.annemangeon.com\/portrait-famille\/wp-content\/uploads\/sites\/3\/strikingr\/images\/214_Photographe-se\u0301ance-famille-Nancy-Lorraine-originale-\u00a9-Anne-Mangeon-Photographe_07-292x292.jpg\" alt=\"MADELEINE  S\u00e9ance Nouveau-N\u00e9 \u00e0 domicile \u00e0 Saint-Max \" \/><\/a><\/div><\/div><\/div><div class=\"entry_info\"><h2 class=\"entry_title entry-title\"><a href=\"http:\/\/www.annemangeon.com\/portrait-famille\/madeleine\/\" rel=\"bookmark\" title=\"Lien permanent pour MADELEINE <br><h5> S\u00e9ance Nouveau-N\u00e9 \u00e0 domicile \u00e0 Saint-Max <\/h5><\/br>\">MADELEINE <br><h5> S\u00e9ance Nouveau-N\u00e9 \u00e0 domicile \u00e0 Saint-Max <\/h5><\/br><\/a><\/h2><\/div><\/article><article id=\"post-190\" class=\"hentry entry entry_full\"><div class=\"image_styled entry_image\" style=\"width:294px\"><div class=\"image_frame effect-none\" ><div class=\"image_shadow_wrap\"><a class=\"image_icon_doc\" href=\"http:\/\/www.annemangeon.com\/portrait-famille\/emilie-jean-michel-arthur-oceane\/\" title=\"\"><img width=\"292\" height=\"291\" data-thumbnail=\"212\" src=\"http:\/\/www.annemangeon.com\/portrait-famille\/wp-content\/uploads\/sites\/3\/strikingr\/images\/212_Photographe-se\u0301ance-famille-Nancy-Lorraine-originale-\u00a9-Anne-Mangeon-Photographe_05-292x291.jpg\" alt=\"EMILIE, JEAN-MICHEL, ARTHUR &#038; OC\u00c9ANE  S\u00e9ance Famille nature et color\u00e9e \u00e0 Messein \" \/><\/a><\/div><\/div><\/div><div class=\"entry_info\"><h2 class=\"entry_title entry-title\"><a href=\"http:\/\/www.annemangeon.com\/portrait-famille\/emilie-jean-michel-arthur-oceane\/\" rel=\"bookmark\" title=\"Lien permanent pour EMILIE, JEAN-MICHEL, ARTHUR &#038; OC\u00c9ANE <br><h5> S\u00e9ance Famille nature et color\u00e9e \u00e0 Messein <\/h5><\/br>\">EMILIE, JEAN-MICHEL, ARTHUR &#038; OC\u00c9ANE <br><h5> S\u00e9ance Famille nature et color\u00e9e \u00e0 Messein <\/h5><\/br><\/a><\/h2><\/div><\/article><\/div><div class=\"one_third last\"><article id=\"post-192\" class=\"hentry entry entry_full\"><div class=\"image_styled entry_image\" style=\"width:294px\"><div class=\"image_frame effect-none\" ><div class=\"image_shadow_wrap\"><a class=\"image_icon_doc\" href=\"http:\/\/www.annemangeon.com\/portrait-famille\/claire-maxime-lucien\/\" title=\"\"><img width=\"292\" height=\"292\" data-thumbnail=\"209\" src=\"http:\/\/www.annemangeon.com\/portrait-famille\/wp-content\/uploads\/sites\/3\/strikingr\/images\/209_Photographe-se\u0301ance-famille-Nancy-Lorraine-originale-\u00a9-Anne-Mangeon-Photographe_02-292x292.jpg\" alt=\"CLAIRE, MAXIME &#038; LUCIEN  S\u00e9ance Grossesse et Famille \u00e0 Nancy \" \/><\/a><\/div><\/div><\/div><div class=\"entry_info\"><h2 class=\"entry_title entry-title\"><a href=\"http:\/\/www.annemangeon.com\/portrait-famille\/claire-maxime-lucien\/\" rel=\"bookmark\" title=\"Lien permanent pour CLAIRE, MAXIME &#038; LUCIEN <br><h5> S\u00e9ance Grossesse et Famille \u00e0 Nancy <\/h5><\/br>\">CLAIRE, MAXIME &#038; LUCIEN <br><h5> S\u00e9ance Grossesse et Famille \u00e0 Nancy <\/h5><\/br><\/a><\/h2><\/div><\/article><article id=\"post-194\" class=\"hentry entry entry_full\"><div class=\"image_styled entry_image\" style=\"width:294px\"><div class=\"image_frame effect-none\" ><div class=\"image_shadow_wrap\"><a class=\"image_icon_doc\" href=\"http:\/\/www.annemangeon.com\/portrait-famille\/ulrike\/\" title=\"\"><img width=\"292\" height=\"292\" data-thumbnail=\"208\" src=\"http:\/\/www.annemangeon.com\/portrait-famille\/wp-content\/uploads\/sites\/3\/strikingr\/images\/208_Photographe-se\u0301ance-famille-Nancy-Lorraine-originale-\u00a9-Anne-Mangeon-Photographe_01-292x292.jpg\" alt=\"ULRIKE  S\u00e9ance portrait en t\u00eate-\u00e0-t\u00eate en Normandie \" \/><\/a><\/div><\/div><\/div><div class=\"entry_info\"><h2 class=\"entry_title entry-title\"><a href=\"http:\/\/www.annemangeon.com\/portrait-famille\/ulrike\/\" rel=\"bookmark\" title=\"Lien permanent pour ULRIKE <br><h5> S\u00e9ance portrait en t\u00eate-\u00e0-t\u00eate en Normandie <\/h5><\/br>\">ULRIKE <br><h5> S\u00e9ance portrait en t\u00eate-\u00e0-t\u00eate en Normandie <\/h5><\/br><\/a><\/h2><\/div><\/article><article id=\"post-178\" class=\"hentry entry entry_full\"><div class=\"image_styled entry_image\" style=\"width:294px\"><div class=\"image_frame effect-none\" ><div class=\"image_shadow_wrap\"><a class=\"image_icon_doc\" href=\"http:\/\/www.annemangeon.com\/portrait-famille\/famille-b\/\" title=\"\"><img width=\"292\" height=\"292\" data-thumbnail=\"218\" src=\"http:\/\/www.annemangeon.com\/portrait-famille\/wp-content\/uploads\/sites\/3\/strikingr\/images\/218_Photographe-se\u0301ance-famille-Nancy-Lorraine-originale-\u00a9-Anne-Mangeon-Photographe_11-292x292.jpg\" alt=\"FAMILLE B.  S\u00e9ance Famille 3 g\u00e9n\u00e9rations \u00e0 Metz \" \/><\/a><\/div><\/div><\/div><div class=\"entry_info\"><h2 class=\"entry_title entry-title\"><a href=\"http:\/\/www.annemangeon.com\/portrait-famille\/famille-b\/\" rel=\"bookmark\" title=\"Lien permanent pour FAMILLE B. <br><h5> S\u00e9ance Famille 3 g\u00e9n\u00e9rations \u00e0 Metz <\/h5><\/br>\">FAMILLE B. <br><h5> S\u00e9ance Famille 3 g\u00e9n\u00e9rations \u00e0 Metz <\/h5><\/br><\/a><\/h2><\/div><\/article><\/div><\/div><div class=\"clearboth\"><\/div><style type=\"text\/css\">#blog_786 .entry_title {\n\tfont-size: 14px;\n}<\/style>\n","protected":false},"excerpt":{"rendered":"","protected":false},"author":1,"featured_media":0,"parent":0,"menu_order":0,"comment_status":"open","ping_status":"closed","template":"","meta":[],"_links":{"self":[{"href":"http:\/\/www.annemangeon.com\/portrait-famille\/wp-json\/wp\/v2\/pages\/8"}],"collection":[{"href":"http:\/\/www.annemangeon.com\/portrait-famille\/wp-json\/wp\/v2\/pages"}],"about":[{"href":"http:\/\/www.annemangeon.com\/portrait-famille\/wp-json\/wp\/v2\/types\/page"}],"author":[{"embeddable":true,"href":"http:\/\/www.annemangeon.com\/portrait-famille\/wp-json\/wp\/v2\/users\/1"}],"replies":[{"embeddable":true,"href":"http:\/\/www.annemangeon.com\/portrait-famille\/wp-json\/wp\/v2\/comments?post=8"}],"version-history":[{"count":4,"href":"http:\/\/www.annemangeon.com\/portrait-famille\/wp-json\/wp\/v2\/pages\/8\/revisions"}],"predecessor-version":[{"id":319,"href":"http:\/\/www.annemangeon.com\/portrait-famille\/wp-json\/wp\/v2\/pages\/8\/revisions\/319"}],"wp:attachment":[{"href":"http:\/\/www.annemangeon.com\/portrait-famille\/wp-json\/wp\/v2\/media?parent=8"}],"curies":[{"name":"wp","href":"https:\/\/api.w.org\/{rel}","templated":true}]}}