{"id":6,"date":"2014-12-27T17:16:13","date_gmt":"2014-12-27T17:16:13","guid":{"rendered":"http:\/\/www.annemangeon.com\/portrait-famille\/?page_id=6"},"modified":"2016-03-09T21:29:14","modified_gmt":"2016-03-09T21:29:14","slug":"a-propos","status":"publish","type":"page","link":"http:\/\/www.annemangeon.com\/portrait-famille\/a-propos\/","title":{"rendered":"A PROPOS"},"content":{"rendered":"<h4 style=\"text-align: center;\"><strong>MON UNIVERS, MA VISION&#8230; VOTRE HISTOIRE !<\/strong><\/h4>\n<h2><\/h2>\n<p>&nbsp;<\/p>\n<div class=\"two_third\"><p><img decoding=\"async\" loading=\"lazy\" class=\"aligncenter wp-image-2342\" src=\"http:\/\/www.annemangeon.com\/couple-mariage\/wp-content\/uploads\/sites\/2\/2015\/01\/Portrait_Anne_Site_01.jpg\" alt=\"Portrait_Anne_Site_01\" width=\"900\" height=\"600\" \/><\/p>\n<h5 style=\"text-align: left;\"><strong>\u273b\u00a0<\/strong><strong>VOUS \u00caTES LA LUMI\u00c8RE, JE SUIS LA SURFACE SENSIBLE\u00a0;\u00a0<\/strong><strong>L\u2019\u00c9MOTION AU C\u0152UR DE VOTRE HISTOIRE<\/strong><\/h5>\n<pre><\/pre>\n<p style=\"text-align: justify;\">Ma sensibilit\u00e9 me permet de mettre en lumi\u00e8re et de r\u00e9v\u00e9ler le plus beau de chaque personnalit\u00e9 et de chaque histoire\u00a0:\u00a0les \u00e9motions partag\u00e9es!\u00a0Celles-ci\u00a0me\u00a0fascinent,\u00a0m&rsquo;\u00e9meuvent et me bouleversent et c&rsquo;est un tel privil\u00e8ge de pouvoir en \u00eatre le t\u00e9moin. Immortaliser une \u00e9motion, c&rsquo;est\u00a0offrir l&rsquo;opportunit\u00e9 de la revivre\u00a0&#8211;\u00a0par-del\u00e0 le temps et l&rsquo;espace\u00a0&#8211; \u00e0 l&rsquo;infini. Si ce n&rsquo;est pas de la magie, \u00e7a y ressemble!<\/p><\/div>\n<h5 style=\"text-align: left;\"><strong>\u273b\u00a0<\/strong><strong>LA\u00a0PHOTOG\u00c9NIE\u00a0OU L&rsquo;ART DU\u00a0L\u00c2CHER-PRISE<\/strong><\/h5>\n<pre><\/pre>\n<p style=\"text-align: justify;\">La relation de confiance &#8211; et de complicit\u00e9 &#8211; que nous allons partager va me permettre de r\u00e9aliser des images naturelles\u00a0qui vous ressemblent. Ma disponibilit\u00e9 absolue, ma discr\u00e9tion, et la confiance que vous allez m&rsquo;accorder est la triade indispensable pour que vous puissiez \u00eatre tout simplement vous, sans appr\u00e9hension\u00a0et\u00a0sans retenue. La cl\u00e9 pour obtenir des images inoubliables est l\u00e0, et la promesse d&rsquo;un moment d&rsquo;exception n&rsquo;est pas loin.<\/p>\n<pre style=\"text-align: justify;\"><\/pre>\n<h5 style=\"text-align: left;\"><strong>\u273b\u00a0<\/strong><strong>IMMORTALISER AUJOURD&rsquo;HUI VOS SOUVENIRS DE DEMAIN<\/strong><\/h5>\n<pre><\/pre>\n<p style=\"text-align: justify;\"><em>\u00ab\u00a0Il y a deux choses plus belles que le bonheur, le r\u00eave qu\u2019on s\u2019en fait et le souvenir qu\u2019on en garde\u00a0\u00bb.<\/em> Je reprends cette citation car elle\u00a0d\u00e9finit pour moi \u00e0 la perfection l&rsquo;importance et la n\u00e9cessit\u00e9 de jalonner son histoire familiale de souvenirs photographiques\u00a0de valeur. Ma\u00a0mission\u00a0est de rendre \u00e9ternel ce qui est par essence fugace et de\u00a0construire\u00a0\u00e0 vos c\u00f4t\u00e9s votre patrimoine\u00a0photographique de demain. Faire en sorte que vos yeux brillent autant, si ce n&rsquo;est m\u00eame plus, dans 40 ans que le jour de la d\u00e9couverte de votre reportage. Je suis pr\u00eate \u00e0 relever le challenge, et vous?<\/p>\n<p style=\"text-align: right;\"><img decoding=\"async\" loading=\"lazy\" class=\"alignnone size-full wp-image-2352\" src=\"http:\/\/www.annemangeon.com\/couple-mariage\/wp-content\/uploads\/sites\/2\/2015\/01\/Signature_Anne_D\u00e9centr\u00e9.jpg\" alt=\"Signature_Anne_D\u00e9centr\u00e9\" width=\"150\" height=\"54\" \/><\/p>\n<p style=\"text-align: center;\"><div id=\"framed_box_5c878c0bfb924a275eaf2ce477574f58\" class=\"framed_box aligncenter\">\n\t<div class=\"framed_box_content\" style=\"background-color:rgba(0,0,0,1);color:#ffffff;\">\n\t\tSi ma philosophie fait \u00e9cho en vous et que vous souhaitez que nous \u00e9crivions une nouvelle page de votre histoire photographique ensemble je vous invite \u00e0 partager avec moi vos envies et votre projet. <span style=\"color: #ffffff;\"><a style=\"color: #ffffff;\" href=\"http:\/\/www.annemangeon.com\/portrait-famille\/contact\/\">Cliquez ici\u00a0<\/a><\/span>\n\t\t<div class=\"framed_box_space\"><\/div>\n\t<\/div>\n<\/div>\n\n","protected":false},"excerpt":{"rendered":"<p>MON UNIVERS, MA VISION&#8230; VOTRE HISTOIRE ! &nbsp; \u273b\u00a0LA\u00a0PHOTOG\u00c9NIE\u00a0OU L&rsquo;ART DU\u00a0L\u00c2CHER-PRISE La relation de confiance &#8211; et de complicit\u00e9 &#8211; que nous allons partager va me permettre de r\u00e9aliser des images naturelles\u00a0qui vous ressemblent. Ma disponibilit\u00e9 absolue, ma discr\u00e9tion, et la confiance que vous allez m&rsquo;accorder est la triade indispensable pour que vous puissiez \u00eatre &#8230;<\/p>\n","protected":false},"author":1,"featured_media":0,"parent":0,"menu_order":0,"comment_status":"open","ping_status":"closed","template":"","meta":[],"_links":{"self":[{"href":"http:\/\/www.annemangeon.com\/portrait-famille\/wp-json\/wp\/v2\/pages\/6"}],"collection":[{"href":"http:\/\/www.annemangeon.com\/portrait-famille\/wp-json\/wp\/v2\/pages"}],"about":[{"href":"http:\/\/www.annemangeon.com\/portrait-famille\/wp-json\/wp\/v2\/types\/page"}],"author":[{"embeddable":true,"href":"http:\/\/www.annemangeon.com\/portrait-famille\/wp-json\/wp\/v2\/users\/1"}],"replies":[{"embeddable":true,"href":"http:\/\/www.annemangeon.com\/portrait-famille\/wp-json\/wp\/v2\/comments?post=6"}],"version-history":[{"count":7,"href":"http:\/\/www.annemangeon.com\/portrait-famille\/wp-json\/wp\/v2\/pages\/6\/revisions"}],"predecessor-version":[{"id":349,"href":"http:\/\/www.annemangeon.com\/portrait-famille\/wp-json\/wp\/v2\/pages\/6\/revisions\/349"}],"wp:attachment":[{"href":"http:\/\/www.annemangeon.com\/portrait-famille\/wp-json\/wp\/v2\/media?parent=6"}],"curies":[{"name":"wp","href":"https:\/\/api.w.org\/{rel}","templated":true}]}}