{"id":14,"date":"2014-12-27T17:18:02","date_gmt":"2014-12-27T17:18:02","guid":{"rendered":"http:\/\/www.annemangeon.com\/portrait-famille\/?page_id=14"},"modified":"2016-03-10T12:09:23","modified_gmt":"2016-03-10T12:09:23","slug":"contact","status":"publish","type":"page","link":"http:\/\/www.annemangeon.com\/portrait-famille\/contact\/","title":{"rendered":"ME CONTACTER"},"content":{"rendered":"<h2 style=\"text-align: center;\">CONTACT<\/h2>\n<h4 style=\"text-align: center;\">\u00a0<strong>ANNE MANGEON<\/strong><\/h4>\n<p style=\"margin: 0cm; margin-bottom: .0001pt; text-align: center; line-height: 18.0pt;\" align=\"center\">Photographe\u00a0de vos souvenirs \u00e9motionnels<\/p>\n<p style=\"margin: 0cm; margin-bottom: .0001pt; text-align: center; line-height: 18.0pt;\" align=\"center\">Mariage | Famille | Portrait<\/p>\n<p style=\"margin: 0cm; margin-bottom: .0001pt; text-align: center; line-height: 18.0pt;\" align=\"center\">Nancy <span style=\"font-family: 'Georgia','serif'; color: #333333;\">\u00b7<\/span> Paris <span style=\"font-family: 'Georgia','serif'; color: #333333;\">\u00b7<\/span> France<\/p>\n<h3 style=\"margin: 0cm; margin-bottom: .0001pt; text-align: center; line-height: 18.0pt;\" align=\"center\"><\/h3>\n<p style=\"margin: 0cm; margin-bottom: .0001pt; text-align: center; line-height: 18.0pt;\" align=\"center\">T\u00e9l.\u00a0: 06 47 16 27 47<\/p>\n<pre style=\"text-align: left;\">\u00a0\r\n\r\n<\/pre>\n<div class=\"one_half\"><img decoding=\"async\" loading=\"lazy\" class=\"aligncenter wp-image-333\" src=\"http:\/\/www.annemangeon.com\/portrait-famille\/wp-content\/uploads\/sites\/3\/2014\/12\/Contact-se\u0301ance-Famille-Anne-Mangeon-Photographe.jpg\" alt=\"Contact se\u0301ance Famille Anne Mangeon Photographe\" width=\"404\" height=\"269\" srcset=\"http:\/\/www.annemangeon.com\/portrait-famille\/wp-content\/uploads\/sites\/3\/2014\/12\/Contact-se\u0301ance-Famille-Anne-Mangeon-Photographe.jpg 600w, http:\/\/www.annemangeon.com\/portrait-famille\/wp-content\/uploads\/sites\/3\/2014\/12\/Contact-se\u0301ance-Famille-Anne-Mangeon-Photographe-300x200.jpg 300w\" sizes=\"(max-width: 404px) 100vw, 404px\" \/><\/p><\/div>\n<div class=\"one_half last\"><p>Vous avez eu un coup de c\u0153ur pour mon travail et ma philosophie et vous\u00a0souhaitez que nous discutions de\u00a0votre\u00a0projet,\u00a0c&rsquo;est par ici !<\/p>\n<p>Comme vous l&rsquo;avez compris j&rsquo;aime raconter\u00a0de belles histoires\u2026 \u00a0 \u00a0 \u00a0 \u00a0 \u00a0 mais j&rsquo;aime aussi en lire!<\/p>\n<p>Alors n&rsquo;h\u00e9sitez pas\u00a0\u00e0 me faire r\u00eaver avec la v\u00f4tre.<\/p>\n<p>Au plaisir de vous lire et d&rsquo;\u00e9changer avec vous,<\/p>\n<p><img decoding=\"async\" loading=\"lazy\" class=\" size-full wp-image-2547 alignright\" src=\"http:\/\/www.annemangeon.com\/couple-mariage\/wp-content\/uploads\/sites\/2\/2015\/01\/Signature_Anne_Contact1.jpg\" alt=\"Signature_Anne_Contact\" width=\"212\" height=\"54\" \/><\/p>\n<pre style=\"text-align: left;\"><\/div><div class=\"clearboth\"><\/div><\/pre>\n<pre style=\"text-align: left;\"><\/pre>\n<div style=\"width: 100%;\"><iframe loading=\"lazy\" id=\"lbIFrameC79F4BE252DC02FE218D88DE3ED3C982\" style=\"border: none; padding: 0; width: 100%;\" src=\"https:\/\/online.lightbluesoftware.com\/client-portal\/Anne-Mangeon-Photographe\/publicforms\/C79F4BE252DC02FE218D88DE3ED3C982.php?iFrame=1\" width=\"300\" height=\"150\" scrolling=\"no\">Your browser can&rsquo;t display this form; please click on <a href=\"https:\/\/online.lightbluesoftware.com\/client-portal\/Anne-Mangeon-Photographe\/publicforms\/C79F4BE252DC02FE218D88DE3ED3C982.php\">this link<\/a> to fill it in.<\/iframe><\/div>\n<p><script src=\"https:\/\/online.lightbluesoftware.com\/js\/iframeResizer.min.js\" type=\"text\/javascript\"><\/script><script type=\"text\/javascript\">\/\/ <![CDATA[\nvar theIFrame = document.getElementById( \"lbIFrameC79F4BE252DC02FE218D88DE3ED3C982\" ); iFrameResize( {checkOrigin: false}, theIFrame );\n\/\/ ]]><\/script><\/p>\n<p>&nbsp;<\/p>\n","protected":false},"excerpt":{"rendered":"<p>CONTACT \u00a0ANNE MANGEON Photographe\u00a0de vos souvenirs \u00e9motionnels Mariage | Famille | Portrait Nancy \u00b7 Paris \u00b7 France T\u00e9l.\u00a0: 06 47 16 27 47 \u00a0 Your browser can&rsquo;t display this form; please click on this link to fill it in. &nbsp;<\/p>\n","protected":false},"author":1,"featured_media":0,"parent":0,"menu_order":0,"comment_status":"open","ping_status":"closed","template":"","meta":[],"_links":{"self":[{"href":"http:\/\/www.annemangeon.com\/portrait-famille\/wp-json\/wp\/v2\/pages\/14"}],"collection":[{"href":"http:\/\/www.annemangeon.com\/portrait-famille\/wp-json\/wp\/v2\/pages"}],"about":[{"href":"http:\/\/www.annemangeon.com\/portrait-famille\/wp-json\/wp\/v2\/types\/page"}],"author":[{"embeddable":true,"href":"http:\/\/www.annemangeon.com\/portrait-famille\/wp-json\/wp\/v2\/users\/1"}],"replies":[{"embeddable":true,"href":"http:\/\/www.annemangeon.com\/portrait-famille\/wp-json\/wp\/v2\/comments?post=14"}],"version-history":[{"count":10,"href":"http:\/\/www.annemangeon.com\/portrait-famille\/wp-json\/wp\/v2\/pages\/14\/revisions"}],"predecessor-version":[{"id":384,"href":"http:\/\/www.annemangeon.com\/portrait-famille\/wp-json\/wp\/v2\/pages\/14\/revisions\/384"}],"wp:attachment":[{"href":"http:\/\/www.annemangeon.com\/portrait-famille\/wp-json\/wp\/v2\/media?parent=14"}],"curies":[{"name":"wp","href":"https:\/\/api.w.org\/{rel}","templated":true}]}}