{"id":1943,"date":"2015-01-03T15:12:28","date_gmt":"2015-01-03T15:12:28","guid":{"rendered":"http:\/\/www.annemangeon.com\/couple-mariage\/?page_id=1943"},"modified":"2015-01-23T16:10:19","modified_gmt":"2015-01-23T16:10:19","slug":"faq","status":"publish","type":"page","link":"http:\/\/www.annemangeon.com\/couple-mariage\/faq\/","title":{"rendered":"QUESTIONS FR\u00c9QUENTES"},"content":{"rendered":"<h2 style=\"text-align: center;\">QUESTIONS FR\u00c9QUENTES<\/h2>\n<p>&nbsp;<\/p>\n<p>Vous avez des questions ? J&rsquo;ai les r\u00e9ponses !<\/p>\n<pre>\u00a0\r\n<\/pre>\n<p><strong><strong>#<\/strong>\u00a0O\u00f9 \u00eates-vous install\u00e9e ? Pouvez-vous vous d\u00e9placer pour immortaliser notre union ?<\/strong><br \/>\nJe vis en Lorraine non loin de Nancy et je me d\u00e9place avec grand plaisir l\u00e0 o\u00f9 les beaux projets me m\u00e8nent. L&rsquo;amour n&rsquo;a pas de fronti\u00e8re et votre (future?) photographe n&rsquo;en a pas non plus, il suffit d&rsquo;en discuter !<\/p>\n<p><strong><strong>#<\/strong>\u00a0Avez-vous un studio ?<\/strong><br \/>\nNon, je ne poss\u00e8de pas de studio. Je pr\u00e9f\u00e8re privil\u00e9gier les photos croqu\u00e9es sur le vif et naturelles dans des d\u00e9cors en ext\u00e9rieur ou \u00e0 votre domicile. De plus la diversit\u00e9s des cadres, lumi\u00e8res et saisons permettent de varier les ambiances \u00e0 l&rsquo;infini au gr\u00e8s de vos envies ou de vos attentes.<\/p>\n<p><strong><strong>#<\/strong>\u00a0Apr\u00e8s le premier contact, comment cela se passe t-il ?<\/strong><br \/>\nJ&rsquo;ai besoin d&rsquo;\u00e9changer avec vous, de faire plus ample connaissance et de vous rencontrer &#8211; autour d&rsquo;un caf\u00e9 ou via Skype &#8211; pour que mon reportage soit au plus proche de vos attentes et retranscrive au mieux ce jour inoubliable.<\/p>\n<p><strong><strong>#<\/strong>\u00a0Quelle est la dur\u00e9e d&rsquo;un reportage mariage ?<\/strong><br \/>\nJe vous accompagne tout au long de la journ\u00e9e des pr\u00e9paratifs au cocktail, ou davantage si vous choisissez cette option. Mon objectif est de retranscrire au mieux l&rsquo;Histoire de cette journ\u00e9e si particuli\u00e8re, des grands moments aux petits d\u00e9tails, pour capter le charme et la magie de ces instants uniques.<\/p>\n<p><strong># Combien de photos livrez-vous et sous quelle forme ?<\/strong><br \/>\nLe juste nombre pour raconter au mieux votre histoire. Faites moi confiance, vous ne serez pas d\u00e9\u00e7us! Toutes les images s\u00e9lectionn\u00e9es par mes soins sont d\u00e9velopp\u00e9es une \u00e0 une num\u00e9riquement pour \u00eatre sublim\u00e9es. Les fichiers optimis\u00e9s vous seront ensuite livr\u00e9s sur support num\u00e9rique.<\/p>\n<p><strong># Quels sont les d\u00e9lais de livraison pour nos photos et notre album ?<\/strong><br \/>\nJe m&rsquo;engage \u00e0 vous livrer votre reportage dans un d\u00e9lai de 2 \u00e0 3 semaines. Mais qui sait, j&rsquo;aime faire des surprises\u2026<br \/>\nLa mise en page de votre album d\u00e9butera d\u00e8s que la livraison des photos sera effectu\u00e9e et il sera mis en production sit\u00f4t votre \u00ab\u00a0Bon A Tirer\u00a0\u00bb valid\u00e9.<\/p>\n<p><strong># Quand faut-il r\u00e9server ?<\/strong><br \/>\nPour vous assurer de ma disponibilit\u00e9, le plus t\u00f4t possible est toujours pr\u00e9f\u00e9rable. Certaines dates sont parfois r\u00e9serv\u00e9es 1 voire 2 ans \u00e0 l&rsquo;avance.<\/p>\n<p><strong># La s\u00e9ance Engagement qu&rsquo;est-ce que c&rsquo;est ?<\/strong><br \/>\nC&rsquo;est un temps privil\u00e9gi\u00e9, une parenth\u00e8se dans vos pr\u00e9paratifs, qui offre l&rsquo;opportunit\u00e9 de mieux faire connaissance et de vous familiariser avec l&rsquo;objectif. Cela permet surtout d&rsquo;\u00eatre en confiance et plus sereins le Mariage venu et ainsi d&rsquo;obtenir des images authentiques et pleines d&rsquo;\u00e9motions. Cerise sur le g\u00e2teau, cela vous offre la possibilit\u00e9 d&rsquo;avoir de beaux clich\u00e9s pour r\u00e9aliser vos faire-parts et votre d\u00e9coration le Jour J.<\/p>\n<pre><\/pre>\n<p style=\"text-align: center;\">Votre question n&rsquo;est pas dans cette liste ? <a href=\"http:\/\/www.annemangeon.com\/couple-mariage\/contact\/\">Contactez-moi<\/a> et j&rsquo;y r\u00e9pondrai avec plaisir!<\/p>\n","protected":false},"excerpt":{"rendered":"<p>QUESTIONS FR\u00c9QUENTES &nbsp; Vous avez des questions ? J&rsquo;ai les r\u00e9ponses ! \u00a0 #\u00a0O\u00f9 \u00eates-vous install\u00e9e ? Pouvez-vous vous d\u00e9placer pour immortaliser notre union ? Je vis en Lorraine non loin de Nancy et je me d\u00e9place avec grand plaisir l\u00e0 o\u00f9 les beaux projets me m\u00e8nent. L&rsquo;amour n&rsquo;a pas de fronti\u00e8re et votre (future?) &#8230;<\/p>\n","protected":false},"author":1,"featured_media":0,"parent":0,"menu_order":0,"comment_status":"open","ping_status":"open","template":"","meta":[],"_links":{"self":[{"href":"http:\/\/www.annemangeon.com\/couple-mariage\/wp-json\/wp\/v2\/pages\/1943"}],"collection":[{"href":"http:\/\/www.annemangeon.com\/couple-mariage\/wp-json\/wp\/v2\/pages"}],"about":[{"href":"http:\/\/www.annemangeon.com\/couple-mariage\/wp-json\/wp\/v2\/types\/page"}],"author":[{"embeddable":true,"href":"http:\/\/www.annemangeon.com\/couple-mariage\/wp-json\/wp\/v2\/users\/1"}],"replies":[{"embeddable":true,"href":"http:\/\/www.annemangeon.com\/couple-mariage\/wp-json\/wp\/v2\/comments?post=1943"}],"version-history":[{"count":47,"href":"http:\/\/www.annemangeon.com\/couple-mariage\/wp-json\/wp\/v2\/pages\/1943\/revisions"}],"predecessor-version":[{"id":2772,"href":"http:\/\/www.annemangeon.com\/couple-mariage\/wp-json\/wp\/v2\/pages\/1943\/revisions\/2772"}],"wp:attachment":[{"href":"http:\/\/www.annemangeon.com\/couple-mariage\/wp-json\/wp\/v2\/media?parent=1943"}],"curies":[{"name":"wp","href":"https:\/\/api.w.org\/{rel}","templated":true}]}}